{"id":1257,"date":"2023-12-04T19:02:08","date_gmt":"2023-12-04T18:02:08","guid":{"rendered":"https:\/\/urgences-depannage.fr\/?page_id=1257"},"modified":"2024-07-22T19:17:39","modified_gmt":"2024-07-22T17:17:39","slug":"mentions-legales","status":"publish","type":"page","link":"https:\/\/artisan-martin.fr\/index.php\/mentions-legales\/","title":{"rendered":"Mentions l\u00e9gales"},"content":{"rendered":"<style>.elementor-1257 .elementor-element.elementor-element-3a35acb{--display:flex;--min-height:60vh;--flex-direction:row;--container-widget-width:calc( ( 1 - var( --container-widget-flex-grow ) ) * 100% );--container-widget-height:100%;--container-widget-flex-grow:1;--container-widget-align-self:stretch;--flex-wrap-mobile:wrap;--align-items:center;--gap:10px 10px;--row-gap:10px;--column-gap:10px;--overlay-opacity:0.97;border-style:solid;--border-style:solid;border-width:0px 0px 0px 0px;--border-top-width:0px;--border-right-width:0px;--border-bottom-width:0px;--border-left-width:0px;border-color:#FFFFFF;--border-color:#FFFFFF;}.elementor-1257 .elementor-element.elementor-element-3a35acb:not(.elementor-motion-effects-element-type-background), .elementor-1257 .elementor-element.elementor-element-3a35acb > .elementor-motion-effects-container > .elementor-motion-effects-layer{background-image:url(\"https:\/\/artisan-martin.fr\/wp-content\/uploads\/2023\/11\/fond-scaled-1.jpg\");background-position:center center;background-repeat:no-repeat;background-size:cover;}.elementor-1257 .elementor-element.elementor-element-3a35acb::before, .elementor-1257 .elementor-element.elementor-element-3a35acb > .elementor-background-video-container::before, .elementor-1257 .elementor-element.elementor-element-3a35acb > .e-con-inner > .elementor-background-video-container::before, .elementor-1257 .elementor-element.elementor-element-3a35acb > .elementor-background-slideshow::before, .elementor-1257 .elementor-element.elementor-element-3a35acb > .e-con-inner > .elementor-background-slideshow::before, .elementor-1257 .elementor-element.elementor-element-3a35acb > .elementor-motion-effects-container > .elementor-motion-effects-layer::before{--background-overlay:'';background-color:var( --e-global-color-6cdf674 );}.elementor-1257 .elementor-element.elementor-element-a4dd97f{--display:flex;}.elementor-1257 .elementor-element.elementor-element-6089ac7{text-align:center;width:auto;max-width:auto;align-self:center;}.elementor-1257 .elementor-element.elementor-element-6089ac7 .elementor-heading-title{font-family:\"Archivo\", Sans-serif;font-size:88px;font-weight:700;line-height:1em;color:var( --e-global-color-primary );}.elementor-1257 .elementor-element.elementor-element-6089ac7 > .elementor-widget-container{margin:-7px 0px 0px 0px;padding:0px 15px 0px 0px;}.elementor-1257 .elementor-element.elementor-element-0d9dddc{--display:flex;--flex-direction:column;--container-widget-width:100%;--container-widget-height:initial;--container-widget-flex-grow:0;--container-widget-align-self:initial;--flex-wrap-mobile:wrap;--padding-top:5%;--padding-bottom:5%;--padding-left:0%;--padding-right:0%;}@media(min-width:768px){.elementor-1257 .elementor-element.elementor-element-a4dd97f{--width:100%;}}@media(min-width:1025px){.elementor-1257 .elementor-element.elementor-element-3a35acb:not(.elementor-motion-effects-element-type-background), .elementor-1257 .elementor-element.elementor-element-3a35acb > .elementor-motion-effects-container > .elementor-motion-effects-layer{background-attachment:fixed;}}@media(max-width:1024px){.elementor-1257 .elementor-element.elementor-element-3a35acb{--padding-top:190px;--padding-bottom:50px;--padding-left:20px;--padding-right:20px;}.elementor-1257 .elementor-element.elementor-element-6089ac7 .elementor-heading-title{font-size:78px;}}@media(max-width:767px){.elementor-1257 .elementor-element.elementor-element-3a35acb{--min-height:50vh;--padding-top:0px;--padding-bottom:50px;--padding-left:10px;--padding-right:10px;}.elementor-1257 .elementor-element.elementor-element-6089ac7 .elementor-heading-title{font-size:2.6rem;}.elementor-1257 .elementor-element.elementor-element-0d9dddc{--padding-top:5%;--padding-bottom:5%;--padding-left:5%;--padding-right:5%;}}\/* Start custom CSS for heading, class: .elementor-element-6089ac7 *\/.titlepage span {\n    color: #DA0037 !important;\n}\/* End custom CSS *\/<\/style>\t\t<div data-elementor-type=\"wp-page\" data-elementor-id=\"1257\" class=\"elementor elementor-1257\" data-elementor-post-type=\"page\">\n\t\t\t\t<div class=\"elementor-element elementor-element-3a35acb e-con-full e-flex e-con e-parent\" data-id=\"3a35acb\" data-element_type=\"container\" data-e-type=\"container\" data-settings=\"{&quot;background_background&quot;:&quot;classic&quot;}\">\n\t\t<div class=\"elementor-element elementor-element-a4dd97f e-con-full e-flex e-con e-child\" data-id=\"a4dd97f\" data-element_type=\"container\" data-e-type=\"container\">\n\t\t\t\t<\/div>\n\t\t\t\t<\/div>\n\t\t<div class=\"elementor-element elementor-element-0d9dddc e-flex e-con-boxed e-con e-parent\" data-id=\"0d9dddc\" data-element_type=\"container\" data-e-type=\"container\">\n\t\t\t\t\t<div class=\"e-con-inner\">\n\t\t\t\t<div class=\"elementor-element elementor-element-0e04585 elementor-widget elementor-widget-text-editor\" data-id=\"0e04585\" data-element_type=\"widget\" data-e-type=\"widget\" data-widget_type=\"text-editor.default\">\n\t\t\t\t<div class=\"elementor-widget-container\">\n\t\t\t\t\t\t\t\t\t<h2>Article 1 : les mentions l\u00e9gales<\/h2><p>L\u2019\u00e9dition du site\u00a0<a href=\"http:\/\/lunette-opticien-paris.com\/\"><strong>https:\/\/artisan-martin.fr\/<\/strong><\/a> est assur\u00e9e par la soci\u00e9t\u00e9 Urgence d\u00e9pannage<\/p><p>Adresse e-mail : depannagesurgences@gmail.com<\/p><p>Le Directeur de la publication est : Artisan Martin<\/p><p>L\u2019h\u00e9bergeur du site <a href=\"http:\/\/lunette-opticien-paris.com\/\"><strong>https:\/\/artisan-martin.fr\/<\/strong><\/a> est la soci\u00e9t\u00e9 OVH dont le si\u00e8ge est au 19 Place Fran\u00e7oise Dorin, 75017 Paris<\/p><h2>Article 2 : acc\u00e8s au site<\/h2><p>Le site <a href=\"http:\/\/lunette-opticien-paris.com\/\"><strong>https:\/\/artisan-martin.fr\/<\/strong><\/a> est accessible gratuitement en tout lieu \u00e0 tout Utilisateur ayant un acc\u00e8s \u00e0 Internet. Tous les frais support\u00e9s par l\u2019Utilisateur pour acc\u00e9der au service (mat\u00e9riel informatique, logiciels, connexion Internet, etc.) sont \u00e0 sa charge.<\/p><p>L\u2019Utilisateur non membre n\u2019a pas acc\u00e8s aux services r\u00e9serv\u00e9s. Pour cela, il doit s\u2019inscrire en remplissant le formulaire. En acceptant de s\u2019inscrire aux services r\u00e9serv\u00e9s, l\u2019Utilisateur membre s\u2019engage \u00e0 fournir des informations sinc\u00e8res et exactes concernant son \u00e9tat civil et ses coordonn\u00e9es, notamment son adresse email.<\/p><p>Pour acc\u00e9der aux services, l\u2019Utilisateur doit ensuite s\u2019identifier \u00e0 l\u2019aide de son identifiant et de son mot de passe qui lui seront communiqu\u00e9s apr\u00e8s son inscription.<\/p><p>Tout Utilisateur membre r\u00e9guli\u00e8rement inscrit pourra \u00e9galement solliciter sa d\u00e9sinscription en se rendant \u00e0 la page d\u00e9di\u00e9e sur son espace personnel. Celle-ci sera effective dans un d\u00e9lai raisonnable.<\/p><p>Tout \u00e9v\u00e9nement d\u00fb \u00e0 un cas de force majeure ayant pour cons\u00e9quence un dysfonctionnement du site ou serveur et sous r\u00e9serve de toute interruption ou modification en cas de maintenance, n\u2019engage pas la responsabilit\u00e9 de Roosevelt Optic. Dans ces cas, l\u2019Utilisateur accepte ainsi ne pas tenir rigueur \u00e0 l\u2019\u00e9diteur de toute interruption ou suspension de service, m\u00eame sans pr\u00e9avis.<\/p><p>L\u2019Utilisateur a la possibilit\u00e9 de contacter le site par messagerie \u00e9lectronique \u00e0 l\u2019adresse email de l\u2019\u00e9diteur communiqu\u00e9 \u00e0 l\u2019ARTICLE 1.<\/p><h2>Article 3 : collecte des donn\u00e9es<\/h2><p>Le site est exempt\u00e9 de d\u00e9claration \u00e0 la Commission Nationale Informatique et Libert\u00e9s (CNIL) dans la mesure o\u00f9 il ne collecte aucune donn\u00e9e concernant les Utilisateurs.<\/p><h2>Article 4 : propri\u00e9t\u00e9 intellectuelle<\/h2><p>Les marques, logos, signes ainsi que tous les contenus du site (textes, images, son\u2026) font l\u2019objet d\u2019une protection par le Code de la propri\u00e9t\u00e9 intellectuelle et plus particuli\u00e8rement par le droit d\u2019auteur.<\/p><p>L\u2019Utilisateur doit solliciter l\u2019autorisation pr\u00e9alable du site pour toute reproduction, publication, copie des diff\u00e9rents contenus. Il s\u2019engage \u00e0 une utilisation des contenus du site dans un cadre strictement priv\u00e9, toute utilisation \u00e0 des fins commerciales et publicitaires est strictement interdite.<\/p><p>Toute repr\u00e9sentation totale ou partielle de ce site par quelque proc\u00e9d\u00e9 que ce soit, sans l\u2019autorisation expresse de l\u2019exploitant du site Internet constituerait une contrefa\u00e7on sanctionn\u00e9e par l\u2019article L 335-2 et suivants du Code de la propri\u00e9t\u00e9 intellectuelle.<\/p><p>Il est rappel\u00e9 conform\u00e9ment \u00e0 l\u2019article L122-5 du Code de propri\u00e9t\u00e9 intellectuelle que l\u2019Utilisateur qui reproduit, copie ou publie le contenu prot\u00e9g\u00e9 doit citer l\u2019auteur et sa source.<\/p><h2>Article 5 : responsabilit\u00e9<\/h2><p>Les sources des informations diffus\u00e9es sur le site <a href=\"http:\/\/lunette-opticien-paris.com\/\"><strong>https:\/\/artisan-martin.fr\/<\/strong><\/a> sont r\u00e9put\u00e9es fiables mais le site ne garantit pas qu\u2019il soit exempt de d\u00e9fauts, d\u2019erreurs ou d\u2019omissions.<\/p><p>Les informations communiqu\u00e9es sont pr\u00e9sent\u00e9es \u00e0 titre indicatif et g\u00e9n\u00e9ral sans valeur contractuelle. Malgr\u00e9 des mises \u00e0 jour r\u00e9guli\u00e8res, le site <a href=\"http:\/\/lunette-opticien-paris.com\/\"><strong>https:\/\/artisan-martin.fr\/<\/strong><\/a> ne peut \u00eatre tenu responsable de la modification des dispositions administratives et juridiques survenant apr\u00e8s la publication. De m\u00eame, le site ne peut \u00eatre tenue responsable de l\u2019utilisation et de l\u2019interpr\u00e9tation de l\u2019information contenue dans ce site.<\/p><p>L\u2019Utilisateur s\u2019assure de garder son mot de passe secret. Toute divulgation du mot de passe, quelle que soit sa forme, est interdite. Il assume les risques li\u00e9s \u00e0 l\u2019utilisation de son identifiant et mot de passe. Le site d\u00e9cline toute responsabilit\u00e9.<\/p><p>Le site <a href=\"http:\/\/lunette-opticien-paris.com\/\"><strong>https:\/\/artisan-martin.fr\/<\/strong><\/a> ne peut \u00eatre tenu pour responsable d\u2019\u00e9ventuels virus qui pourraient infecter l\u2019ordinateur ou tout mat\u00e9riel informatique de l\u2019Internaute, suite \u00e0 une utilisation, \u00e0 l\u2019acc\u00e8s, ou au t\u00e9l\u00e9chargement provenant de ce site.<\/p><p>La responsabilit\u00e9 du site ne peut \u00eatre engag\u00e9e en cas de force majeure ou du fait impr\u00e9visible et insurmontable d\u2019un tiers.<\/p><h2>Article 6 : liens hypertextes<\/h2><p>Des liens hypertextes peuvent \u00eatre pr\u00e9sents sur le site. L\u2019Utilisateur est inform\u00e9 qu\u2019en cliquant sur ces liens, il sortira du site <a href=\"http:\/\/lunette-opticien-paris.com\/\"><strong>https:\/\/artisan-martin.fr\/<\/strong><\/a>. Ce dernier n\u2019a pas de contr\u00f4le sur les pages web sur lesquelles aboutissent ces liens et ne saurait, en aucun cas, \u00eatre responsable de leur contenu.<\/p><h2>Article 7 : cookies<\/h2><p>L\u2019Utilisateur est inform\u00e9 que lors de ses visites sur le site, un cookie peut s\u2019installer automatiquement sur son logiciel de navigation.<\/p><p>Les cookies sont de petits fichiers stock\u00e9s temporairement sur le disque dur de l\u2019ordinateur de l\u2019Utilisateur par votre navigateur et qui sont n\u00e9cessaires \u00e0 l\u2019utilisation du site <a href=\"http:\/\/lunette-opticien-paris.com\/\"><strong>https:\/\/artisan-martin.fr\/<\/strong><\/a>. Les cookies ne contiennent pas d\u2019information personnelle et ne peuvent pas \u00eatre utilis\u00e9s pour identifier quelqu\u2019un. Un cookie contient un identifiant unique, g\u00e9n\u00e9r\u00e9 al\u00e9atoirement et donc anonyme. Certains cookies expirent \u00e0 la fin de la visite de l\u2019Utilisateur, d\u2019autres restent.<\/p><p>L\u2019information contenue dans les cookies est utilis\u00e9e pour am\u00e9liorer le site <a href=\"http:\/\/lunette-opticien-paris.com\/\"><strong>https:\/\/artisan-martin.fr\/<\/strong><\/a>.<\/p><p>En naviguant sur le site, L\u2019Utilisateur les accepte.<\/p><p>L\u2019Utilisateur doit toutefois donner son consentement quant \u00e0 l\u2019utilisation de certains cookies.<\/p><p>A d\u00e9faut d\u2019acceptation, l\u2019Utilisateur est inform\u00e9 que certaines fonctionnalit\u00e9s ou pages risquent de lui \u00eatre refus\u00e9es.<\/p><p>L\u2019Utilisateur pourra d\u00e9sactiver ces cookies par l\u2019interm\u00e9diaire des param\u00e8tres figurant au sein de son logiciel de navigation.<\/p><h2>Article 8 : publication par l\u2019utilisateur<\/h2><p>Le site permet aux membres de publier les contenus suivants :<\/p><p>Commentaires.<\/p><p>Dans ses publications, le membre s\u2019engage \u00e0 respecter les r\u00e8gles de la Netiquette (r\u00e8gles de bonne conduite de l\u2019internet) et les r\u00e8gles de droit en vigueur.<\/p><p>Le site peut exercer une mod\u00e9ration sur les publications et se r\u00e9serve le droit de refuser leur mise en ligne, sans avoir \u00e0 s\u2019en justifier aupr\u00e8s du membre.<\/p><p>Le membre reste titulaire de l\u2019int\u00e9gralit\u00e9 de ses droits de propri\u00e9t\u00e9 intellectuelle. Mais en publiant une publication sur le site, il c\u00e8de \u00e0 la soci\u00e9t\u00e9 \u00e9ditrice le droit non exclusif et gratuit de repr\u00e9senter, reproduire, adapter, modifier, diffuser et distribuer sa publication, directement ou par un tiers autoris\u00e9, dans le monde entier, sur tout support (num\u00e9rique ou physique), pour la dur\u00e9e de la propri\u00e9t\u00e9 intellectuelle. Le Membre c\u00e8de notamment le droit d\u2019utiliser sa publication sur internet et sur les r\u00e9seaux de t\u00e9l\u00e9phonie mobile.<\/p><p>La soci\u00e9t\u00e9 \u00e9ditrice s\u2019engage \u00e0 faire figurer le nom du membre \u00e0 proximit\u00e9 de chaque utilisation de sa publication.<\/p><p>Tout contenu mis en ligne par l\u2019Utilisateur est de sa seule responsabilit\u00e9. L\u2019Utilisateur s\u2019engage \u00e0 ne pas mettre en ligne de contenus pouvant porter atteinte aux int\u00e9r\u00eats de tierces personnes. Tout recours en justice engag\u00e9 par un tiers l\u00e9s\u00e9 contre le site sera pris en charge par l\u2019Utilisateur.<\/p><p>Le contenu de l\u2019Utilisateur peut \u00eatre \u00e0 tout moment et pour n\u2019importe quelle raison supprim\u00e9 ou modifi\u00e9 par le site, sans pr\u00e9avis.<\/p><h2>Article 9 : droit applicable et juridiction comp\u00e9tente<\/h2><p>La l\u00e9gislation fran\u00e7aise s\u2019applique au pr\u00e9sent contrat. En cas d\u2019absence de r\u00e9solution amiable d\u2019un litige n\u00e9 entre les parties, les tribunaux fran\u00e7ais seront seuls comp\u00e9tents pour en conna\u00eetre.<\/p><p>Pour toute question relative \u00e0 l\u2019application des pr\u00e9sentes CGU, vous pouvez joindre l\u2019\u00e9diteur aux coordonn\u00e9es inscrites \u00e0 l\u2019ARTICLE 1.<\/p>\t\t\t\t\t\t\t\t<\/div>\n\t\t\t\t<\/div>\n\t\t\t\t\t<\/div>\n\t\t\t\t<\/div>\n\t\t\t\t<\/div>\n\t\t","protected":false},"excerpt":{"rendered":"<p>Article 1 : les mentions l\u00e9gales L\u2019\u00e9dition du site\u00a0https:\/\/artisan-martin.fr\/ est assur\u00e9e par la soci\u00e9t\u00e9 Urgence d\u00e9pannage Adresse e-mail : depannagesurgences@gmail.com Le Directeur de la publication est : Artisan Martin L\u2019h\u00e9bergeur du site https:\/\/artisan-martin.fr\/ est la soci\u00e9t\u00e9 OVH dont le si\u00e8ge est au 19 Place Fran\u00e7oise Dorin, 75017 Paris Article 2 : acc\u00e8s au site Le [&hellip;]<\/p>\n","protected":false},"author":1,"featured_media":0,"parent":0,"menu_order":0,"comment_status":"closed","ping_status":"closed","template":"elementor_header_footer","meta":{"footnotes":""},"folder":[11],"class_list":["post-1257","page","type-page","status-publish","hentry"],"yoast_head":"<!-- This site is optimized with the Yoast SEO plugin v27.3 - https:\/\/yoast.com\/product\/yoast-seo-wordpress\/ -->\n<title>Mentions l\u00e9gales - Artisan Martin<\/title>\n<meta name=\"robots\" content=\"index, follow, max-snippet:-1, max-image-preview:large, max-video-preview:-1\" \/>\n<link rel=\"canonical\" href=\"https:\/\/artisan-martin.fr\/index.php\/mentions-legales\/\" \/>\n<meta property=\"og:locale\" content=\"fr_FR\" \/>\n<meta property=\"og:type\" content=\"article\" \/>\n<meta property=\"og:title\" content=\"Mentions l\u00e9gales - Artisan Martin\" \/>\n<meta property=\"og:description\" content=\"Article 1 : les mentions l\u00e9gales L\u2019\u00e9dition du site\u00a0https:\/\/artisan-martin.fr\/ est assur\u00e9e par la soci\u00e9t\u00e9 Urgence d\u00e9pannage Adresse e-mail : depannagesurgences@gmail.com Le Directeur de la publication est : Artisan Martin L\u2019h\u00e9bergeur du site https:\/\/artisan-martin.fr\/ est la soci\u00e9t\u00e9 OVH dont le si\u00e8ge est au 19 Place Fran\u00e7oise Dorin, 75017 Paris Article 2 : acc\u00e8s au site Le [&hellip;]\" \/>\n<meta property=\"og:url\" content=\"https:\/\/artisan-martin.fr\/index.php\/mentions-legales\/\" \/>\n<meta property=\"og:site_name\" content=\"Artisan Martin\" \/>\n<meta property=\"article:modified_time\" content=\"2024-07-22T17:17:39+00:00\" \/>\n<meta name=\"twitter:card\" content=\"summary_large_image\" \/>\n<meta name=\"twitter:label1\" content=\"Dur\u00e9e de lecture estim\u00e9e\" \/>\n\t<meta name=\"twitter:data1\" content=\"6 minutes\" \/>\n<script type=\"application\/ld+json\" class=\"yoast-schema-graph\">{\"@context\":\"https:\\\/\\\/schema.org\",\"@graph\":[{\"@type\":\"WebPage\",\"@id\":\"https:\\\/\\\/artisan-martin.fr\\\/index.php\\\/mentions-legales\\\/\",\"url\":\"https:\\\/\\\/artisan-martin.fr\\\/index.php\\\/mentions-legales\\\/\",\"name\":\"Mentions l\u00e9gales - Artisan Martin\",\"isPartOf\":{\"@id\":\"https:\\\/\\\/artisan-martin.fr\\\/#website\"},\"datePublished\":\"2023-12-04T18:02:08+00:00\",\"dateModified\":\"2024-07-22T17:17:39+00:00\",\"breadcrumb\":{\"@id\":\"https:\\\/\\\/artisan-martin.fr\\\/index.php\\\/mentions-legales\\\/#breadcrumb\"},\"inLanguage\":\"fr-FR\",\"potentialAction\":[{\"@type\":\"ReadAction\",\"target\":[\"https:\\\/\\\/artisan-martin.fr\\\/index.php\\\/mentions-legales\\\/\"]}]},{\"@type\":\"BreadcrumbList\",\"@id\":\"https:\\\/\\\/artisan-martin.fr\\\/index.php\\\/mentions-legales\\\/#breadcrumb\",\"itemListElement\":[{\"@type\":\"ListItem\",\"position\":1,\"name\":\"Accueil\",\"item\":\"https:\\\/\\\/artisan-martin.fr\\\/\"},{\"@type\":\"ListItem\",\"position\":2,\"name\":\"Mentions l\u00e9gales\"}]},{\"@type\":\"WebSite\",\"@id\":\"https:\\\/\\\/artisan-martin.fr\\\/#website\",\"url\":\"https:\\\/\\\/artisan-martin.fr\\\/\",\"name\":\"Artisan Martin\",\"description\":\"\",\"publisher\":{\"@id\":\"https:\\\/\\\/artisan-martin.fr\\\/#organization\"},\"potentialAction\":[{\"@type\":\"SearchAction\",\"target\":{\"@type\":\"EntryPoint\",\"urlTemplate\":\"https:\\\/\\\/artisan-martin.fr\\\/?s={search_term_string}\"},\"query-input\":{\"@type\":\"PropertyValueSpecification\",\"valueRequired\":true,\"valueName\":\"search_term_string\"}}],\"inLanguage\":\"fr-FR\"},{\"@type\":\"Organization\",\"@id\":\"https:\\\/\\\/artisan-martin.fr\\\/#organization\",\"name\":\"Artisan Martin\",\"url\":\"https:\\\/\\\/artisan-martin.fr\\\/\",\"logo\":{\"@type\":\"ImageObject\",\"inLanguage\":\"fr-FR\",\"@id\":\"https:\\\/\\\/artisan-martin.fr\\\/#\\\/schema\\\/logo\\\/image\\\/\",\"url\":\"https:\\\/\\\/artisan-martin.fr\\\/wp-content\\\/uploads\\\/2023\\\/11\\\/BLANC.png\",\"contentUrl\":\"https:\\\/\\\/artisan-martin.fr\\\/wp-content\\\/uploads\\\/2023\\\/11\\\/BLANC.png\",\"width\":6605,\"height\":2377,\"caption\":\"Artisan Martin\"},\"image\":{\"@id\":\"https:\\\/\\\/artisan-martin.fr\\\/#\\\/schema\\\/logo\\\/image\\\/\"}}]}<\/script>\n<!-- \/ Yoast SEO plugin. -->","yoast_head_json":{"title":"Mentions l\u00e9gales - Artisan Martin","robots":{"index":"index","follow":"follow","max-snippet":"max-snippet:-1","max-image-preview":"max-image-preview:large","max-video-preview":"max-video-preview:-1"},"canonical":"https:\/\/artisan-martin.fr\/index.php\/mentions-legales\/","og_locale":"fr_FR","og_type":"article","og_title":"Mentions l\u00e9gales - Artisan Martin","og_description":"Article 1 : les mentions l\u00e9gales L\u2019\u00e9dition du site\u00a0https:\/\/artisan-martin.fr\/ est assur\u00e9e par la soci\u00e9t\u00e9 Urgence d\u00e9pannage Adresse e-mail : depannagesurgences@gmail.com Le Directeur de la publication est : Artisan Martin L\u2019h\u00e9bergeur du site https:\/\/artisan-martin.fr\/ est la soci\u00e9t\u00e9 OVH dont le si\u00e8ge est au 19 Place Fran\u00e7oise Dorin, 75017 Paris Article 2 : acc\u00e8s au site Le [&hellip;]","og_url":"https:\/\/artisan-martin.fr\/index.php\/mentions-legales\/","og_site_name":"Artisan Martin","article_modified_time":"2024-07-22T17:17:39+00:00","twitter_card":"summary_large_image","twitter_misc":{"Dur\u00e9e de lecture estim\u00e9e":"6 minutes"},"schema":{"@context":"https:\/\/schema.org","@graph":[{"@type":"WebPage","@id":"https:\/\/artisan-martin.fr\/index.php\/mentions-legales\/","url":"https:\/\/artisan-martin.fr\/index.php\/mentions-legales\/","name":"Mentions l\u00e9gales - Artisan Martin","isPartOf":{"@id":"https:\/\/artisan-martin.fr\/#website"},"datePublished":"2023-12-04T18:02:08+00:00","dateModified":"2024-07-22T17:17:39+00:00","breadcrumb":{"@id":"https:\/\/artisan-martin.fr\/index.php\/mentions-legales\/#breadcrumb"},"inLanguage":"fr-FR","potentialAction":[{"@type":"ReadAction","target":["https:\/\/artisan-martin.fr\/index.php\/mentions-legales\/"]}]},{"@type":"BreadcrumbList","@id":"https:\/\/artisan-martin.fr\/index.php\/mentions-legales\/#breadcrumb","itemListElement":[{"@type":"ListItem","position":1,"name":"Accueil","item":"https:\/\/artisan-martin.fr\/"},{"@type":"ListItem","position":2,"name":"Mentions l\u00e9gales"}]},{"@type":"WebSite","@id":"https:\/\/artisan-martin.fr\/#website","url":"https:\/\/artisan-martin.fr\/","name":"Artisan Martin","description":"","publisher":{"@id":"https:\/\/artisan-martin.fr\/#organization"},"potentialAction":[{"@type":"SearchAction","target":{"@type":"EntryPoint","urlTemplate":"https:\/\/artisan-martin.fr\/?s={search_term_string}"},"query-input":{"@type":"PropertyValueSpecification","valueRequired":true,"valueName":"search_term_string"}}],"inLanguage":"fr-FR"},{"@type":"Organization","@id":"https:\/\/artisan-martin.fr\/#organization","name":"Artisan Martin","url":"https:\/\/artisan-martin.fr\/","logo":{"@type":"ImageObject","inLanguage":"fr-FR","@id":"https:\/\/artisan-martin.fr\/#\/schema\/logo\/image\/","url":"https:\/\/artisan-martin.fr\/wp-content\/uploads\/2023\/11\/BLANC.png","contentUrl":"https:\/\/artisan-martin.fr\/wp-content\/uploads\/2023\/11\/BLANC.png","width":6605,"height":2377,"caption":"Artisan Martin"},"image":{"@id":"https:\/\/artisan-martin.fr\/#\/schema\/logo\/image\/"}}]}},"_links":{"self":[{"href":"https:\/\/artisan-martin.fr\/index.php\/wp-json\/wp\/v2\/pages\/1257","targetHints":{"allow":["GET"]}}],"collection":[{"href":"https:\/\/artisan-martin.fr\/index.php\/wp-json\/wp\/v2\/pages"}],"about":[{"href":"https:\/\/artisan-martin.fr\/index.php\/wp-json\/wp\/v2\/types\/page"}],"author":[{"embeddable":true,"href":"https:\/\/artisan-martin.fr\/index.php\/wp-json\/wp\/v2\/users\/1"}],"replies":[{"embeddable":true,"href":"https:\/\/artisan-martin.fr\/index.php\/wp-json\/wp\/v2\/comments?post=1257"}],"version-history":[{"count":3,"href":"https:\/\/artisan-martin.fr\/index.php\/wp-json\/wp\/v2\/pages\/1257\/revisions"}],"predecessor-version":[{"id":1933,"href":"https:\/\/artisan-martin.fr\/index.php\/wp-json\/wp\/v2\/pages\/1257\/revisions\/1933"}],"wp:attachment":[{"href":"https:\/\/artisan-martin.fr\/index.php\/wp-json\/wp\/v2\/media?parent=1257"}],"wp:term":[{"taxonomy":"folder","embeddable":true,"href":"https:\/\/artisan-martin.fr\/index.php\/wp-json\/wp\/v2\/folder?post=1257"}],"curies":[{"name":"wp","href":"https:\/\/api.w.org\/{rel}","templated":true}]}}